{"id":7,"date":"2018-07-24T02:16:08","date_gmt":"2018-07-24T02:16:08","guid":{"rendered":"http:\/\/emasaitabuna.com.br\/licitacao\/?page_id=7"},"modified":"2019-04-10T13:49:58","modified_gmt":"2019-04-10T13:49:58","slug":"pagina-inicial","status":"publish","type":"page","link":"https:\/\/emasaitabuna.com.br\/licitacao\/","title":{"rendered":"Licita\u00e7\u00f5es e Contratos EMASA S\/A"},"content":{"rendered":"<p>Informa\u00e7\u00f5es sobre os nossos processos licitat\u00f3rios como o enquadramento de processo, sua situa\u00e7\u00e3o, o objeto a ser contratado, local e data de abertura das propostas podem ser consultadas aqui.<\/p>\n<p>Caso deseje informar-se sobre licita\u00e7\u00f5es em andamento, voc\u00ea pode acessar a se\u00e7\u00e3o <a href=\"http:\/\/emasaitabuna.com.br\/licitacao\/category\/licitacoes-abertas\/\">Licita\u00e7\u00f5es Abertas <\/a>\u00a0deste portal.<\/p>\n<p>Se voc\u00ea deseja conhecer o resultado de uma licita\u00e7\u00e3o, poder\u00e1 verificar os dados gerais do respectivo contrato, na se\u00e7\u00e3o <a href=\"http:\/\/emasaitabuna.com.br\/licitacao\/category\/extratos-de-contrato\/\">Extratos de\u00a0Contratos<\/a>.<\/p>\n<p>Se n\u00e3o encontrar as informa\u00e7\u00f5es que procura, voc\u00ea pode contatar o Setor de Licita\u00e7\u00f5es e Contratos da EMASA S\/A atrav\u00e9s do telefone (73) 3215-9103 ou e-mail: copel@emasaitabuna.com.br<\/p>\n","protected":false},"excerpt":{"rendered":"<p>Informa\u00e7\u00f5es sobre os nossos processos licitat\u00f3rios como o enquadramento de processo, sua situa\u00e7\u00e3o, o objeto a ser contratado, local e data de abertura das propostas podem ser consultadas aqui. Caso deseje informar-se sobre licita\u00e7\u00f5es em andamento, voc\u00ea pode acessar a se\u00e7\u00e3o Licita\u00e7\u00f5es Abertas \u00a0deste portal. Se voc\u00ea deseja conhecer o resultado de uma licita\u00e7\u00e3o, poder\u00e1 [&hellip;]<\/p>\n","protected":false},"author":1,"featured_media":0,"parent":0,"menu_order":0,"comment_status":"closed","ping_status":"closed","template":"","meta":{"footnotes":""},"class_list":["post-7","page","type-page","status-publish","hentry"],"_links":{"self":[{"href":"https:\/\/emasaitabuna.com.br\/licitacao\/wp-json\/wp\/v2\/pages\/7","targetHints":{"allow":["GET"]}}],"collection":[{"href":"https:\/\/emasaitabuna.com.br\/licitacao\/wp-json\/wp\/v2\/pages"}],"about":[{"href":"https:\/\/emasaitabuna.com.br\/licitacao\/wp-json\/wp\/v2\/types\/page"}],"author":[{"embeddable":true,"href":"https:\/\/emasaitabuna.com.br\/licitacao\/wp-json\/wp\/v2\/users\/1"}],"replies":[{"embeddable":true,"href":"https:\/\/emasaitabuna.com.br\/licitacao\/wp-json\/wp\/v2\/comments?post=7"}],"version-history":[{"count":10,"href":"https:\/\/emasaitabuna.com.br\/licitacao\/wp-json\/wp\/v2\/pages\/7\/revisions"}],"predecessor-version":[{"id":190,"href":"https:\/\/emasaitabuna.com.br\/licitacao\/wp-json\/wp\/v2\/pages\/7\/revisions\/190"}],"wp:attachment":[{"href":"https:\/\/emasaitabuna.com.br\/licitacao\/wp-json\/wp\/v2\/media?parent=7"}],"curies":[{"name":"wp","href":"https:\/\/api.w.org\/{rel}","templated":true}]}}