{"id":3032,"date":"2025-03-07T20:48:29","date_gmt":"2025-03-07T23:48:29","guid":{"rendered":"https:\/\/emasaitabuna.com.br\/new\/?page_id=3032"},"modified":"2025-03-09T15:38:08","modified_gmt":"2025-03-09T18:38:08","slug":"conselho-administracao","status":"publish","type":"page","link":"https:\/\/emasaitabuna.com.br\/new\/conselho-administracao\/","title":{"rendered":"Conselho de Administra\u00e7\u00e3o"},"content":{"rendered":"<div class=\"fusion-fullwidth fullwidth-box fusion-builder-row-1 fusion-flex-container nonhundred-percent-fullwidth non-hundred-percent-height-scrolling\" style=\"--awb-border-radius-top-left:0px;--awb-border-radius-top-right:0px;--awb-border-radius-bottom-right:0px;--awb-border-radius-bottom-left:0px;--awb-flex-wrap:wrap;\" ><div class=\"fusion-builder-row fusion-row fusion-flex-align-items-flex-start fusion-flex-content-wrap\" style=\"max-width:1248px;margin-left: calc(-4% \/ 2 );margin-right: calc(-4% \/ 2 );\"><div class=\"fusion-layout-column fusion_builder_column fusion-builder-column-0 fusion_builder_column_1_1 1_1 fusion-flex-column\" style=\"--awb-bg-blend:overlay;--awb-bg-size:cover;--awb-width-large:100%;--awb-margin-top-large:0px;--awb-spacing-right-large:1.92%;--awb-margin-bottom-large:0px;--awb-spacing-left-large:1.92%;--awb-width-medium:100%;--awb-spacing-right-medium:1.92%;--awb-spacing-left-medium:1.92%;--awb-width-small:100%;--awb-spacing-right-small:1.92%;--awb-spacing-left-small:1.92%;\"><div class=\"fusion-column-wrapper fusion-flex-justify-content-flex-start fusion-content-layout-column\"><div class=\"fusion-text fusion-text-1\" style=\"--awb-margin-left:40px;\"><p><strong>S\u00f4nia Maria Cesar Fontes<\/strong><br \/>\nPresidente do Conselho de Administra\u00e7\u00e3o<\/p>\n<p><strong>Ivan Luis Barbalho Maia<\/strong><br \/>\nVice-Presidente do Conselho de Administra\u00e7\u00e3o<\/p>\n<p><strong>Cl\u00e1udio Luiz G\u00f3es de Almeida<\/strong><br \/>\nMembro efetivo<\/p>\n<p><strong>Fabiana Rodrigues Rocha<\/strong><br \/>\nMembro efetivo<\/p>\n<p><strong>L\u00e2nia L\u00e9cia Peixoto dos Santos<\/strong><br \/>\nMembro efetivo<\/p>\n<p><strong>Mois\u00e9s Figueiredo de Carvalho<\/strong><br \/>\nMembro efetivo<\/p>\n<p><strong>Glauber da Silva Souza<\/strong><br \/>\nMembros efetivo representante dos funcion\u00e1rios no Conselho de Administra\u00e7\u00e3o da EMASA S.A<\/p>\n<\/div><\/div><\/div><\/div><\/div>\n","protected":false},"excerpt":{"rendered":"","protected":false},"author":1,"featured_media":0,"parent":0,"menu_order":0,"comment_status":"closed","ping_status":"closed","template":"100-width.php","meta":{"nf_dc_page":"","footnotes":""},"class_list":["post-3032","page","type-page","status-publish","hentry"],"_links":{"self":[{"href":"https:\/\/emasaitabuna.com.br\/new\/wp-json\/wp\/v2\/pages\/3032","targetHints":{"allow":["GET"]}}],"collection":[{"href":"https:\/\/emasaitabuna.com.br\/new\/wp-json\/wp\/v2\/pages"}],"about":[{"href":"https:\/\/emasaitabuna.com.br\/new\/wp-json\/wp\/v2\/types\/page"}],"author":[{"embeddable":true,"href":"https:\/\/emasaitabuna.com.br\/new\/wp-json\/wp\/v2\/users\/1"}],"replies":[{"embeddable":true,"href":"https:\/\/emasaitabuna.com.br\/new\/wp-json\/wp\/v2\/comments?post=3032"}],"version-history":[{"count":2,"href":"https:\/\/emasaitabuna.com.br\/new\/wp-json\/wp\/v2\/pages\/3032\/revisions"}],"predecessor-version":[{"id":3054,"href":"https:\/\/emasaitabuna.com.br\/new\/wp-json\/wp\/v2\/pages\/3032\/revisions\/3054"}],"wp:attachment":[{"href":"https:\/\/emasaitabuna.com.br\/new\/wp-json\/wp\/v2\/media?parent=3032"}],"curies":[{"name":"wp","href":"https:\/\/api.w.org\/{rel}","templated":true}]}}